{"id":89,"date":"2021-09-04T17:56:56","date_gmt":"2021-09-04T17:56:56","guid":{"rendered":"http:\/\/aireyvoz.com\/?page_id=89"},"modified":"2021-09-04T22:06:38","modified_gmt":"2021-09-04T22:06:38","slug":"centro-diagnostico-de-la-disfonia","status":"publish","type":"page","link":"https:\/\/aireyvoz.com\/index.php\/centro-diagnostico-de-la-disfonia\/","title":{"rendered":"CENTRO DIAGNOSTICO de la DISFONIA"},"content":{"rendered":"\n<div class=\"wp-block-columns is-layout-flex wp-container-core-columns-is-layout-1 wp-block-columns-is-layout-flex\">\n<div class=\"wp-block-column is-layout-flow wp-block-column-is-layout-flow\" style=\"flex-basis:100%\">\n<figure class=\"wp-block-gallery aligncenter columns-3 is-cropped wp-block-gallery-1 is-layout-flex wp-block-gallery-is-layout-flex\"><ul class=\"blocks-gallery-grid\"><li class=\"blocks-gallery-item\"><figure><img data-recalc-dims=\"1\" loading=\"lazy\" decoding=\"async\" width=\"790\" height=\"1015\" src=\"https:\/\/i0.wp.com\/aireyvoz.com\/wp-content\/uploads\/2021\/09\/6-2.png?resize=790%2C1015&#038;ssl=1\" alt=\"\" data-id=\"105\" data-full-url=\"https:\/\/aireyvoz.com\/wp-content\/uploads\/2021\/09\/6-2.png\" data-link=\"https:\/\/aireyvoz.com\/index.php\/centro-diagnostico-de-la-disfonia\/6-2\/\" class=\"wp-image-105\" srcset=\"https:\/\/i0.wp.com\/aireyvoz.com\/wp-content\/uploads\/2021\/09\/6-2.png?resize=797%2C1024&amp;ssl=1 797w, https:\/\/i0.wp.com\/aireyvoz.com\/wp-content\/uploads\/2021\/09\/6-2.png?resize=233%2C300&amp;ssl=1 233w, https:\/\/i0.wp.com\/aireyvoz.com\/wp-content\/uploads\/2021\/09\/6-2.png?resize=768%2C987&amp;ssl=1 768w, https:\/\/i0.wp.com\/aireyvoz.com\/wp-content\/uploads\/2021\/09\/6-2.png?w=923&amp;ssl=1 923w\" sizes=\"auto, (max-width: 790px) 100vw, 790px\" \/><\/figure><\/li><li class=\"blocks-gallery-item\"><figure><img data-recalc-dims=\"1\" loading=\"lazy\" decoding=\"async\" width=\"790\" height=\"1021\" src=\"https:\/\/i0.wp.com\/aireyvoz.com\/wp-content\/uploads\/2021\/09\/2-2-2.png?resize=790%2C1021&#038;ssl=1\" alt=\"\" data-id=\"101\" data-full-url=\"https:\/\/aireyvoz.com\/wp-content\/uploads\/2021\/09\/2-2-2.png\" data-link=\"https:\/\/aireyvoz.com\/index.php\/centro-diagnostico-de-la-disfonia\/2-2-2\/\" class=\"wp-image-101\" srcset=\"https:\/\/i0.wp.com\/aireyvoz.com\/wp-content\/uploads\/2021\/09\/2-2-2.png?resize=792%2C1024&amp;ssl=1 792w, https:\/\/i0.wp.com\/aireyvoz.com\/wp-content\/uploads\/2021\/09\/2-2-2.png?resize=232%2C300&amp;ssl=1 232w, https:\/\/i0.wp.com\/aireyvoz.com\/wp-content\/uploads\/2021\/09\/2-2-2.png?resize=768%2C993&amp;ssl=1 768w, https:\/\/i0.wp.com\/aireyvoz.com\/wp-content\/uploads\/2021\/09\/2-2-2.png?w=915&amp;ssl=1 915w\" sizes=\"auto, (max-width: 790px) 100vw, 790px\" \/><\/figure><\/li><li class=\"blocks-gallery-item\"><figure><img data-recalc-dims=\"1\" loading=\"lazy\" decoding=\"async\" width=\"576\" height=\"1024\" src=\"https:\/\/i0.wp.com\/aireyvoz.com\/wp-content\/uploads\/2021\/09\/Screenshot_20210828-171042.png?resize=576%2C1024&#038;ssl=1\" alt=\"\" data-id=\"78\" data-full-url=\"https:\/\/aireyvoz.com\/wp-content\/uploads\/2021\/09\/Screenshot_20210828-171042.png\" data-link=\"https:\/\/aireyvoz.com\/?attachment_id=78\" class=\"wp-image-78\" srcset=\"https:\/\/i0.wp.com\/aireyvoz.com\/wp-content\/uploads\/2021\/09\/Screenshot_20210828-171042.png?resize=576%2C1024&amp;ssl=1 576w, https:\/\/i0.wp.com\/aireyvoz.com\/wp-content\/uploads\/2021\/09\/Screenshot_20210828-171042.png?resize=169%2C300&amp;ssl=1 169w, https:\/\/i0.wp.com\/aireyvoz.com\/wp-content\/uploads\/2021\/09\/Screenshot_20210828-171042.png?w=720&amp;ssl=1 720w\" sizes=\"auto, (max-width: 576px) 100vw, 576px\" \/><\/figure><\/li><\/ul><\/figure>\n<\/div>\n<\/div>\n\n\n\n<figure class=\"wp-block-image size-large\"><img data-recalc-dims=\"1\" loading=\"lazy\" decoding=\"async\" width=\"790\" height=\"282\" src=\"https:\/\/i0.wp.com\/aireyvoz.com\/wp-content\/uploads\/2021\/09\/LOGO-CCD_Media-1.png?resize=790%2C282&#038;ssl=1\" alt=\"\" class=\"wp-image-109\" srcset=\"https:\/\/i0.wp.com\/aireyvoz.com\/wp-content\/uploads\/2021\/09\/LOGO-CCD_Media-1.png?resize=1024%2C366&amp;ssl=1 1024w, https:\/\/i0.wp.com\/aireyvoz.com\/wp-content\/uploads\/2021\/09\/LOGO-CCD_Media-1.png?resize=300%2C107&amp;ssl=1 300w, https:\/\/i0.wp.com\/aireyvoz.com\/wp-content\/uploads\/2021\/09\/LOGO-CCD_Media-1.png?resize=768%2C275&amp;ssl=1 768w, https:\/\/i0.wp.com\/aireyvoz.com\/wp-content\/uploads\/2021\/09\/LOGO-CCD_Media-1.png?resize=1536%2C550&amp;ssl=1 1536w, https:\/\/i0.wp.com\/aireyvoz.com\/wp-content\/uploads\/2021\/09\/LOGO-CCD_Media-1.png?resize=2048%2C733&amp;ssl=1 2048w, https:\/\/i0.wp.com\/aireyvoz.com\/wp-content\/uploads\/2021\/09\/LOGO-CCD_Media-1.png?w=2370&amp;ssl=1 2370w\" sizes=\"auto, (max-width: 790px) 100vw, 790px\" \/><\/figure>\n\n\n\n<p><strong>Qu\u00e9 es la<\/strong><\/p>\n\n\n\n<p><strong>VIDEOLARINGOSCOPIA FLEXIBLE tecnolog\u00eda CHIP-ON-TIP y CROMOSCOPIA DIGITAL (i-Scan)<\/strong> ?<\/p>\n\n\n\n<p><strong>Es una Endoscopia de Alta Resoluci\u00f3n que supera a estudios habituales como la Nasofibrolaringoscopia<\/strong> <strong>y la Videoestroboscopia r\u00edgida y se realiza con<\/strong> <strong>anestesia t\u00f3pica en consultorio.<\/strong><\/p>\n\n\n\n<p><\/p>\n\n\n\n<p>La <strong>Videolaringoscopia flexible <\/strong>(Chip-on-Tip), permite un examen completo y efectuar, de ser necesario, el tratamiento quir\u00fargico de inmediato en el consultorio.<\/p>\n\n\n\n<p class=\"has-text-align-center\">Dr. Rafael Perrone<\/p>\n","protected":false},"excerpt":{"rendered":"<p>Qu\u00e9 es la VIDEOLARINGOSCOPIA FLEXIBLE tecnolog\u00eda CHIP-ON-TIP y CROMOSCOPIA DIGITAL (i-Scan) ? Es una Endoscopia de Alta Resoluci\u00f3n que supera a estudios habituales como la Nasofibrolaringoscopia y la Videoestroboscopia r\u00edgida y se realiza con anestesia t\u00f3pica en consultorio. La Videolaringoscopia flexible (Chip-on-Tip), permite un examen completo y efectuar, de ser necesario, el tratamiento quir\u00fargico de inmediato en el consultorio. Dr. Rafael Perrone<\/p>\n","protected":false},"author":1,"featured_media":76,"parent":0,"menu_order":0,"comment_status":"closed","ping_status":"closed","template":"","meta":{"nf_dc_page":"","om_disable_all_campaigns":false,"_monsterinsights_skip_tracking":false,"_monsterinsights_sitenote_active":false,"_monsterinsights_sitenote_note":"","_monsterinsights_sitenote_category":0,"footnotes":""},"class_list":["post-89","page","type-page","status-publish","has-post-thumbnail","hentry","clearfix"],"jetpack_sharing_enabled":true,"_links":{"self":[{"href":"https:\/\/aireyvoz.com\/index.php\/wp-json\/wp\/v2\/pages\/89","targetHints":{"allow":["GET"]}}],"collection":[{"href":"https:\/\/aireyvoz.com\/index.php\/wp-json\/wp\/v2\/pages"}],"about":[{"href":"https:\/\/aireyvoz.com\/index.php\/wp-json\/wp\/v2\/types\/page"}],"author":[{"embeddable":true,"href":"https:\/\/aireyvoz.com\/index.php\/wp-json\/wp\/v2\/users\/1"}],"replies":[{"embeddable":true,"href":"https:\/\/aireyvoz.com\/index.php\/wp-json\/wp\/v2\/comments?post=89"}],"version-history":[{"count":7,"href":"https:\/\/aireyvoz.com\/index.php\/wp-json\/wp\/v2\/pages\/89\/revisions"}],"predecessor-version":[{"id":155,"href":"https:\/\/aireyvoz.com\/index.php\/wp-json\/wp\/v2\/pages\/89\/revisions\/155"}],"wp:featuredmedia":[{"embeddable":true,"href":"https:\/\/aireyvoz.com\/index.php\/wp-json\/wp\/v2\/media\/76"}],"wp:attachment":[{"href":"https:\/\/aireyvoz.com\/index.php\/wp-json\/wp\/v2\/media?parent=89"}],"curies":[{"name":"wp","href":"https:\/\/api.w.org\/{rel}","templated":true}]}}