{"id":42,"date":"2021-08-01T17:30:42","date_gmt":"2021-08-01T17:30:42","guid":{"rendered":"http:\/\/aireyvoz.com\/?page_id=42"},"modified":"2021-08-02T02:11:30","modified_gmt":"2021-08-02T02:11:30","slug":"equipo-medico","status":"publish","type":"page","link":"https:\/\/aireyvoz.com\/index.php\/aire-y-voz-home\/equipo-medico\/","title":{"rendered":"Equipo m\u00e9dico"},"content":{"rendered":"\n<h2 class=\"wp-block-heading\">Dr. Rafael Perrone<\/h2>\n\n\n\n<div class=\"wp-block-columns is-layout-flex wp-container-core-columns-is-layout-1 wp-block-columns-is-layout-flex\">\n<div class=\"wp-block-column is-layout-flow wp-block-column-is-layout-flow\" style=\"flex-basis:33.33%\">\n<figure class=\"wp-block-image size-full\"><img data-recalc-dims=\"1\" loading=\"lazy\" decoding=\"async\" width=\"216\" height=\"214\" src=\"https:\/\/i0.wp.com\/aireyvoz.com\/wp-content\/uploads\/2021\/08\/perrone.jpg?resize=216%2C214&#038;ssl=1\" alt=\"Dr. Rafael Perrone\" class=\"wp-image-43\" srcset=\"https:\/\/i0.wp.com\/aireyvoz.com\/wp-content\/uploads\/2021\/08\/perrone.jpg?w=216&amp;ssl=1 216w, https:\/\/i0.wp.com\/aireyvoz.com\/wp-content\/uploads\/2021\/08\/perrone.jpg?resize=150%2C150&amp;ssl=1 150w\" sizes=\"auto, (max-width: 216px) 100vw, 216px\" \/><\/figure>\n<\/div>\n\n\n\n<div class=\"wp-block-column is-layout-flow wp-block-column-is-layout-flow\" style=\"flex-basis:66.66%\">\n<ul class=\"has-white-background-color has-background wp-block-list\"><li><strong>VIDEOLARINGOSCOPIA FLEXIBLE (Chip-on-tip) Y CROMOSCOPIA DIGITAL<\/strong><\/li><li><strong>DIAGNOSTICO DE LA DISFONIA Y FONOCIRUGIA ENDOSCOPICA EN CONSULTORIO<\/strong><\/li><li><strong>LASER CONTACTO<\/strong><\/li><li><strong>DIAGNOSTICO Y TRATAMIENTO DE LA ESTENOSIS LARINGOTRAQUEAL<\/strong><\/li><li><strong>LESIONES TUMORALES DE LARINGE<\/strong><\/li><\/ul>\n\n\n\n<p>M\u00e9dico Cirujano. Cabeza y Cuello Hospital Espa\u00f1ol.<\/p>\n\n\n\n<p>Servicio de Cirug\u00eda del Hospital Fern\u00e1ndez.<\/p>\n\n\n\n<p>Director M\u00e9dico de Laserm\u00e9dica, Intervencionismo Endosc\u00f3pico y L\u00e1ser del Hospital Espa\u00f1ol.<\/p>\n\n\n\n<p>Consultor del Servicio de Cirug\u00eda Tor\u00e1cica del Hospital Brit\u00e1nico y del Centro de Medicina Respiratoria, Paran\u00e1, E. R.<\/p>\n\n\n\n<p>Miembro Titular de la Asociaci\u00f3n Argentina de Cirug\u00eda, A.M.A., E.N.D.I.B.A., F.A.S.O., A.A.O.F.P.<\/p>\n\n\n\n<p>Ex Presidente de la Sociedad Argentina de Broncoesofagolog\u00eda.<\/p>\n\n\n\n<p>Presidente Fundador de la Asociaci\u00f3n Sudamericana de Broncolog\u00eda.<\/p>\n<\/div>\n<\/div>\n","protected":false},"excerpt":{"rendered":"<p>Dr. Rafael Perrone VIDEOLARINGOSCOPIA FLEXIBLE (Chip-on-tip) Y CROMOSCOPIA DIGITAL DIAGNOSTICO DE LA DISFONIA Y FONOCIRUGIA ENDOSCOPICA EN CONSULTORIO LASER CONTACTO DIAGNOSTICO Y TRATAMIENTO DE LA ESTENOSIS LARINGOTRAQUEAL LESIONES TUMORALES DE LARINGE M\u00e9dico Cirujano. Cabeza y Cuello Hospital Espa\u00f1ol. Servicio de Cirug\u00eda del Hospital Fern\u00e1ndez. Director M\u00e9dico de Laserm\u00e9dica, Intervencionismo Endosc\u00f3pico y L\u00e1ser del Hospital Espa\u00f1ol. Consultor del Servicio de Cirug\u00eda Tor\u00e1cica del Hospital Brit\u00e1nico y&hellip; <\/p>\n","protected":false},"author":1,"featured_media":0,"parent":2,"menu_order":0,"comment_status":"closed","ping_status":"closed","template":"","meta":{"nf_dc_page":"","om_disable_all_campaigns":false,"_monsterinsights_skip_tracking":false,"_monsterinsights_sitenote_active":false,"_monsterinsights_sitenote_note":"","_monsterinsights_sitenote_category":0,"footnotes":""},"class_list":["post-42","page","type-page","status-publish","hentry","clearfix"],"jetpack_sharing_enabled":true,"_links":{"self":[{"href":"https:\/\/aireyvoz.com\/index.php\/wp-json\/wp\/v2\/pages\/42","targetHints":{"allow":["GET"]}}],"collection":[{"href":"https:\/\/aireyvoz.com\/index.php\/wp-json\/wp\/v2\/pages"}],"about":[{"href":"https:\/\/aireyvoz.com\/index.php\/wp-json\/wp\/v2\/types\/page"}],"author":[{"embeddable":true,"href":"https:\/\/aireyvoz.com\/index.php\/wp-json\/wp\/v2\/users\/1"}],"replies":[{"embeddable":true,"href":"https:\/\/aireyvoz.com\/index.php\/wp-json\/wp\/v2\/comments?post=42"}],"version-history":[{"count":2,"href":"https:\/\/aireyvoz.com\/index.php\/wp-json\/wp\/v2\/pages\/42\/revisions"}],"predecessor-version":[{"id":68,"href":"https:\/\/aireyvoz.com\/index.php\/wp-json\/wp\/v2\/pages\/42\/revisions\/68"}],"up":[{"embeddable":true,"href":"https:\/\/aireyvoz.com\/index.php\/wp-json\/wp\/v2\/pages\/2"}],"wp:attachment":[{"href":"https:\/\/aireyvoz.com\/index.php\/wp-json\/wp\/v2\/media?parent=42"}],"curies":[{"name":"wp","href":"https:\/\/api.w.org\/{rel}","templated":true}]}}