{"id":221,"date":"2025-11-11T21:12:43","date_gmt":"2025-11-12T00:12:43","guid":{"rendered":"https:\/\/aireyvoz.com\/?page_id=221"},"modified":"2025-11-11T21:12:46","modified_gmt":"2025-11-12T00:12:46","slug":"libro-atlas","status":"publish","type":"page","link":"https:\/\/aireyvoz.com\/index.php\/libro-atlas\/","title":{"rendered":"Libro &#8211; Atlas"},"content":{"rendered":"\n<h2 class=\"wp-block-heading\"><strong>Alteraciones primarias de la mucosa de la cuerda vocal y su impacto en la g\u00e9nesis de disfon\u00edas y alteraciones secundarias<\/strong><\/h2>\n\n\n\n<p class=\"has-text-align-right\"><strong><em>Copyright<\/em><\/strong>           <\/p>\n\n\n<div class=\"wp-block-image\">\n<figure class=\"aligncenter size-large is-resized\"><img data-recalc-dims=\"1\" loading=\"lazy\" decoding=\"async\" width=\"790\" height=\"640\" src=\"https:\/\/i0.wp.com\/aireyvoz.com\/wp-content\/uploads\/2025\/11\/6a-2.png?resize=790%2C640&#038;ssl=1\" alt=\"\" class=\"wp-image-222\" style=\"width:436px;height:auto\" srcset=\"https:\/\/i0.wp.com\/aireyvoz.com\/wp-content\/uploads\/2025\/11\/6a-2.png?resize=1024%2C829&amp;ssl=1 1024w, https:\/\/i0.wp.com\/aireyvoz.com\/wp-content\/uploads\/2025\/11\/6a-2.png?resize=300%2C243&amp;ssl=1 300w, https:\/\/i0.wp.com\/aireyvoz.com\/wp-content\/uploads\/2025\/11\/6a-2.png?resize=768%2C622&amp;ssl=1 768w, https:\/\/i0.wp.com\/aireyvoz.com\/wp-content\/uploads\/2025\/11\/6a-2.png?w=1114&amp;ssl=1 1114w\" sizes=\"auto, (max-width: 790px) 100vw, 790px\" \/><\/figure><\/div>\n\n\n<div class=\"wp-block-group\"><div class=\"wp-block-group__inner-container is-layout-constrained wp-block-group-is-layout-constrained\">\n<p class=\"\"><\/p>\n\n\n\n<p class=\"\"><\/p>\n\n\n\n<p class=\"\"><\/p>\n\n\n\n<p class=\"has-text-align-center\">                                                                        <strong>Autores<\/strong><\/p>\n\n\n\n<p class=\"has-text-align-right\">                                                    <strong>Rafael C A Perrone<\/strong><\/p>\n\n\n\n<p class=\"has-text-align-right\"><strong>Sebasti\u00e1n Sturla<\/strong>    <\/p>\n<\/div><\/div>\n\n\n\n<p class=\"\"><\/p>\n\n\n\n<div class=\"wp-block-group\"><div class=\"wp-block-group__inner-container is-layout-constrained wp-block-group-is-layout-constrained\">\n<p class=\"has-text-align-right\"><\/p>\n<\/div><\/div>\n\n\n\n<p class=\"\"><\/p>\n","protected":false},"excerpt":{"rendered":"<p>Alteraciones primarias de la mucosa de la cuerda vocal y su impacto en la g\u00e9nesis de disfon\u00edas y alteraciones secundarias Copyright Autores Rafael C A Perrone Sebasti\u00e1n Sturla<\/p>\n","protected":false},"author":1,"featured_media":0,"parent":0,"menu_order":0,"comment_status":"closed","ping_status":"closed","template":"","meta":{"nf_dc_page":"","om_disable_all_campaigns":false,"_monsterinsights_skip_tracking":false,"_monsterinsights_sitenote_active":false,"_monsterinsights_sitenote_note":"","_monsterinsights_sitenote_category":0,"footnotes":""},"class_list":["post-221","page","type-page","status-publish","hentry","clearfix"],"jetpack_sharing_enabled":true,"_links":{"self":[{"href":"https:\/\/aireyvoz.com\/index.php\/wp-json\/wp\/v2\/pages\/221","targetHints":{"allow":["GET"]}}],"collection":[{"href":"https:\/\/aireyvoz.com\/index.php\/wp-json\/wp\/v2\/pages"}],"about":[{"href":"https:\/\/aireyvoz.com\/index.php\/wp-json\/wp\/v2\/types\/page"}],"author":[{"embeddable":true,"href":"https:\/\/aireyvoz.com\/index.php\/wp-json\/wp\/v2\/users\/1"}],"replies":[{"embeddable":true,"href":"https:\/\/aireyvoz.com\/index.php\/wp-json\/wp\/v2\/comments?post=221"}],"version-history":[{"count":4,"href":"https:\/\/aireyvoz.com\/index.php\/wp-json\/wp\/v2\/pages\/221\/revisions"}],"predecessor-version":[{"id":226,"href":"https:\/\/aireyvoz.com\/index.php\/wp-json\/wp\/v2\/pages\/221\/revisions\/226"}],"wp:attachment":[{"href":"https:\/\/aireyvoz.com\/index.php\/wp-json\/wp\/v2\/media?parent=221"}],"curies":[{"name":"wp","href":"https:\/\/api.w.org\/{rel}","templated":true}]}}