{"id":11,"date":"2021-08-01T15:40:00","date_gmt":"2021-08-01T15:40:00","guid":{"rendered":"http:\/\/aireyvoz.com\/?page_id=11"},"modified":"2021-09-04T21:36:31","modified_gmt":"2021-09-04T21:36:31","slug":"laringe-y-traquea","status":"publish","type":"page","link":"https:\/\/aireyvoz.com\/index.php\/aire-y-voz-home\/laringe-y-traquea\/","title":{"rendered":"Laringe y Tr\u00e1quea"},"content":{"rendered":"\n<h2 class=\"wp-block-heading\">Con Anestesia T\u00f3pica en Consultorio<\/h2>\n\n\n\n<ul class=\"wp-block-list\"><li>Evaluaci\u00f3n videoendosc\u00f3pica anat\u00f3mica y funcional de v\u00eda a\u00e9rea y es\u00f3fago (Endoscopia per-oral)<\/li><li>Evaluaci\u00f3n videoendosc\u00f3pica anat\u00f3mica y funcional de laringe<\/li><li>Microcirug\u00eda de laringe videoendosc\u00f3pica diagn\u00f3stica<\/li><\/ul>\n\n\n\n<h2 class=\"wp-block-heading\">Con Anestesia T\u00f3pica en Consultorio\u00a0\u2013 LASER Nd-YAG de Contacto<\/h2>\n\n\n\n<ul class=\"wp-block-list\"><li>Fonocirug\u00eda endolar\u00edngea videoendosc\u00f3pica<\/li><li>Cirug\u00eda endolar\u00edngea videoendosc\u00f3pica terap\u00e9utica<\/li><li>Tratamiento videoendosc\u00f3pico de estenosis laringotraqueal<\/li><\/ul>\n\n\n\n<h2 class=\"wp-block-heading\">Con Anestesia T\u00f3pica y\/o General \u2013 LASER Nd-YAG \u2013 STENTS<\/h2>\n\n\n\n<ul class=\"wp-block-list\"><li>Resecci\u00f3n y recanalizaci\u00f3n endosc\u00f3pica de tumores de v\u00eda a\u00e9rea<\/li><\/ul>\n\n\n\n<h2 class=\"wp-block-heading\">Cirug\u00eda reconstructiva con Anestesia General<\/h2>\n\n\n\n<ul class=\"wp-block-list\"><li>Cirug\u00eda a cielo abierto de estenosis traqueal y f\u00edstula traqueoesof\u00e1gica<\/li><\/ul>\n\n\n\n<p><\/p>\n\n\n\n<h2 class=\"wp-block-heading\">Tecnologias<\/h2>\n\n\n\n<div class=\"wp-block-columns is-layout-flex wp-container-core-columns-is-layout-1 wp-block-columns-is-layout-flex\">\n<div class=\"wp-block-column is-layout-flow wp-block-column-is-layout-flow\">\n<figure class=\"wp-block-image alignwide size-full\"><img data-recalc-dims=\"1\" loading=\"lazy\" decoding=\"async\" width=\"790\" height=\"586\" src=\"https:\/\/i0.wp.com\/aireyvoz.com\/wp-content\/uploads\/2021\/09\/SALA-ENDOSCOPIA-2-1.jpg?resize=790%2C586&#038;ssl=1\" alt=\"\" class=\"wp-image-122\" srcset=\"https:\/\/i0.wp.com\/aireyvoz.com\/wp-content\/uploads\/2021\/09\/SALA-ENDOSCOPIA-2-1.jpg?w=875&amp;ssl=1 875w, https:\/\/i0.wp.com\/aireyvoz.com\/wp-content\/uploads\/2021\/09\/SALA-ENDOSCOPIA-2-1.jpg?resize=300%2C223&amp;ssl=1 300w, https:\/\/i0.wp.com\/aireyvoz.com\/wp-content\/uploads\/2021\/09\/SALA-ENDOSCOPIA-2-1.jpg?resize=768%2C570&amp;ssl=1 768w\" sizes=\"auto, (max-width: 790px) 100vw, 790px\" \/><\/figure>\n<\/div>\n\n\n\n<div class=\"wp-block-column is-layout-flow wp-block-column-is-layout-flow\">\n<ul class=\"wp-block-list\"><li>VIDEOENDOSCOPIOS FLEXIBLES Tec. (Chip on Tip).<\/li><li>CROMOSCOPIA DIGITAL  ( I-Scan ), sin colorantes.<\/li><li>ENDOSCOPIOS Y \u00d3pticas r\u00edgidas K. Storz.<\/li><li>LASER de Nd-YAG 80w. Fibras \u00f3pticas de contacto.<\/li><li>LASER de CO2 40w.<\/li><li>Digitalizaci\u00f3n de imagen y sonido.<\/li><li>Istrumental quir\u00fargico flexible.<\/li><\/ul>\n<\/div>\n<\/div>\n\n\n\n<figure class=\"wp-block-gallery aligncenter columns-1 is-cropped wp-block-gallery-1 is-layout-flex wp-block-gallery-is-layout-flex\"><ul class=\"blocks-gallery-grid\"><li class=\"blocks-gallery-item\"><figure><img data-recalc-dims=\"1\" loading=\"lazy\" decoding=\"async\" width=\"559\" height=\"472\" src=\"https:\/\/i0.wp.com\/aireyvoz.com\/wp-content\/uploads\/2021\/09\/20210904_173152-9.jpg?resize=559%2C472&#038;ssl=1\" alt=\"\" data-id=\"143\" data-full-url=\"https:\/\/aireyvoz.com\/wp-content\/uploads\/2021\/09\/20210904_173152-9.jpg\" data-link=\"https:\/\/aireyvoz.com\/index.php\/aire-y-voz-home\/laringe-y-traquea\/20210904_173152-9\/\" class=\"wp-image-143\" srcset=\"https:\/\/i0.wp.com\/aireyvoz.com\/wp-content\/uploads\/2021\/09\/20210904_173152-9.jpg?w=559&amp;ssl=1 559w, https:\/\/i0.wp.com\/aireyvoz.com\/wp-content\/uploads\/2021\/09\/20210904_173152-9.jpg?resize=300%2C253&amp;ssl=1 300w\" sizes=\"auto, (max-width: 559px) 100vw, 559px\" \/><\/figure><\/li><\/ul><\/figure>\n\n\n\n<figure class=\"wp-block-gallery columns-2 is-cropped wp-block-gallery-2 is-layout-flex wp-block-gallery-is-layout-flex\"><ul class=\"blocks-gallery-grid\"><li class=\"blocks-gallery-item\"><figure><img data-recalc-dims=\"1\" loading=\"lazy\" decoding=\"async\" width=\"616\" height=\"497\" src=\"https:\/\/i0.wp.com\/aireyvoz.com\/wp-content\/uploads\/2021\/09\/20210904_173114-5.jpg?resize=616%2C497&#038;ssl=1\" alt=\"\" data-id=\"144\" data-full-url=\"https:\/\/aireyvoz.com\/wp-content\/uploads\/2021\/09\/20210904_173114-5.jpg\" data-link=\"https:\/\/aireyvoz.com\/index.php\/aire-y-voz-home\/laringe-y-traquea\/20210904_173114-5\/\" class=\"wp-image-144\" srcset=\"https:\/\/i0.wp.com\/aireyvoz.com\/wp-content\/uploads\/2021\/09\/20210904_173114-5.jpg?w=616&amp;ssl=1 616w, https:\/\/i0.wp.com\/aireyvoz.com\/wp-content\/uploads\/2021\/09\/20210904_173114-5.jpg?resize=300%2C242&amp;ssl=1 300w\" sizes=\"auto, (max-width: 616px) 100vw, 616px\" \/><\/figure><\/li><li class=\"blocks-gallery-item\"><figure><img data-recalc-dims=\"1\" loading=\"lazy\" decoding=\"async\" width=\"591\" height=\"517\" src=\"https:\/\/i0.wp.com\/aireyvoz.com\/wp-content\/uploads\/2021\/09\/20210904_173226-8.jpg?resize=591%2C517&#038;ssl=1\" alt=\"\" data-id=\"146\" data-full-url=\"https:\/\/aireyvoz.com\/wp-content\/uploads\/2021\/09\/20210904_173226-8.jpg\" data-link=\"https:\/\/aireyvoz.com\/index.php\/aire-y-voz-home\/laringe-y-traquea\/20210904_173226-8\/\" class=\"wp-image-146\" srcset=\"https:\/\/i0.wp.com\/aireyvoz.com\/wp-content\/uploads\/2021\/09\/20210904_173226-8.jpg?w=591&amp;ssl=1 591w, https:\/\/i0.wp.com\/aireyvoz.com\/wp-content\/uploads\/2021\/09\/20210904_173226-8.jpg?resize=300%2C262&amp;ssl=1 300w\" sizes=\"auto, (max-width: 591px) 100vw, 591px\" \/><\/figure><\/li><\/ul><\/figure>\n","protected":false},"excerpt":{"rendered":"<p>Con Anestesia T\u00f3pica en Consultorio Evaluaci\u00f3n videoendosc\u00f3pica anat\u00f3mica y funcional de v\u00eda a\u00e9rea y es\u00f3fago (Endoscopia per-oral) Evaluaci\u00f3n videoendosc\u00f3pica anat\u00f3mica y funcional de laringe Microcirug\u00eda de laringe videoendosc\u00f3pica diagn\u00f3stica Con Anestesia T\u00f3pica en Consultorio\u00a0\u2013 LASER Nd-YAG de Contacto Fonocirug\u00eda endolar\u00edngea videoendosc\u00f3pica Cirug\u00eda endolar\u00edngea videoendosc\u00f3pica terap\u00e9utica Tratamiento videoendosc\u00f3pico de estenosis laringotraqueal Con Anestesia T\u00f3pica y\/o General \u2013 LASER Nd-YAG \u2013 STENTS Resecci\u00f3n y recanalizaci\u00f3n endosc\u00f3pica de&hellip; <\/p>\n","protected":false},"author":1,"featured_media":0,"parent":2,"menu_order":0,"comment_status":"closed","ping_status":"closed","template":"","meta":{"nf_dc_page":"","om_disable_all_campaigns":false,"_monsterinsights_skip_tracking":false,"_monsterinsights_sitenote_active":false,"_monsterinsights_sitenote_note":"","_monsterinsights_sitenote_category":0,"footnotes":""},"class_list":["post-11","page","type-page","status-publish","hentry","clearfix"],"jetpack_sharing_enabled":true,"_links":{"self":[{"href":"https:\/\/aireyvoz.com\/index.php\/wp-json\/wp\/v2\/pages\/11","targetHints":{"allow":["GET"]}}],"collection":[{"href":"https:\/\/aireyvoz.com\/index.php\/wp-json\/wp\/v2\/pages"}],"about":[{"href":"https:\/\/aireyvoz.com\/index.php\/wp-json\/wp\/v2\/types\/page"}],"author":[{"embeddable":true,"href":"https:\/\/aireyvoz.com\/index.php\/wp-json\/wp\/v2\/users\/1"}],"replies":[{"embeddable":true,"href":"https:\/\/aireyvoz.com\/index.php\/wp-json\/wp\/v2\/comments?post=11"}],"version-history":[{"count":12,"href":"https:\/\/aireyvoz.com\/index.php\/wp-json\/wp\/v2\/pages\/11\/revisions"}],"predecessor-version":[{"id":204,"href":"https:\/\/aireyvoz.com\/index.php\/wp-json\/wp\/v2\/pages\/11\/revisions\/204"}],"up":[{"embeddable":true,"href":"https:\/\/aireyvoz.com\/index.php\/wp-json\/wp\/v2\/pages\/2"}],"wp:attachment":[{"href":"https:\/\/aireyvoz.com\/index.php\/wp-json\/wp\/v2\/media?parent=11"}],"curies":[{"name":"wp","href":"https:\/\/api.w.org\/{rel}","templated":true}]}}