{"id":10,"date":"2021-10-04T21:52:00","date_gmt":"2021-10-04T21:52:00","guid":{"rendered":"http:\/\/aireyvoz.com\/?page_id=10"},"modified":"2021-10-05T02:12:53","modified_gmt":"2021-10-05T02:12:53","slug":"consultorios-medicos","status":"publish","type":"page","link":"https:\/\/aireyvoz.com\/index.php\/aire-y-voz-home\/consultorios-medicos\/","title":{"rendered":"Consultorios M\u00e9dicos"},"content":{"rendered":"\n<div class=\"wp-block-columns is-layout-flex wp-container-core-columns-is-layout-1 wp-block-columns-is-layout-flex\">\n<div class=\"wp-block-column is-layout-flow wp-block-column-is-layout-flow\" style=\"flex-basis:66.66%\">\n<p>Nuestras especialidades est\u00e1n orientadas al diagn\u00f3stico y tratamiento de la patolog\u00eda de la laringe, la v\u00eda a\u00e9rea y de los pulmones y a las relacionadas afecciones cl\u00ednicas endocrinol\u00f3gicas y metab\u00f3licas.<\/p>\n\n\n\n<p>El diagn\u00f3stico correcto es fundamental para lograr determinar conductas adecuadas, terap\u00e9uticas y de h\u00e1bitos y la experiencia junto al avance tecnol\u00f3gico, aumentan el r\u00e9dito de las pr\u00e1cticas.<\/p>\n\n\n\n<p>A tal fin, tambi\u00e9n contamos con equipamiento actualizado para el diagn\u00f3stico y t\u00e9cnicas quir\u00fargicas m\u00ednimamente invasivas, aplicables a\u00fan en pacientes de alto riesgo.<\/p>\n\n\n\n<p>Tan importante como lo descripto es conformar un constante equipo multidisciplinario, con especialidades en neumonolog\u00eda, cl\u00ednica endocrinol\u00f3gica, cirug\u00eda laringotraqueal, laringolog\u00eda y fonocirug\u00eda, con el objetivo de sumar experiencia y conocimiento frente a un paciente y no a una patolog\u00eda determinada.<\/p>\n<\/div>\n\n\n\n<div class=\"wp-block-column is-layout-flow wp-block-column-is-layout-flow\" style=\"flex-basis:33.33%\">\n<div class=\"wp-block-image\"><figure class=\"aligncenter size-full is-resized\"><img data-recalc-dims=\"1\" loading=\"lazy\" decoding=\"async\" src=\"https:\/\/i0.wp.com\/aireyvoz.com\/wp-content\/uploads\/2021\/08\/page1-img1.jpg?resize=128%2C277&#038;ssl=1\" alt=\"\" class=\"wp-image-25\" width=\"128\" height=\"277\" srcset=\"https:\/\/i0.wp.com\/aireyvoz.com\/wp-content\/uploads\/2021\/08\/page1-img1.jpg?w=206&amp;ssl=1 206w, https:\/\/i0.wp.com\/aireyvoz.com\/wp-content\/uploads\/2021\/08\/page1-img1.jpg?resize=139%2C300&amp;ssl=1 139w\" sizes=\"auto, (max-width: 128px) 100vw, 128px\" \/><\/figure><\/div>\n<\/div>\n<\/div>\n\n\n\n<p><\/p>\n\n\n\n<div class=\"wp-block-columns is-layout-flex wp-container-core-columns-is-layout-2 wp-block-columns-is-layout-flex\">\n<div class=\"wp-block-column is-layout-flow wp-block-column-is-layout-flow\" style=\"flex-basis:100%\">\n<div class=\"wp-block-group\"><div class=\"wp-block-group__inner-container is-layout-flow wp-block-group-is-layout-flow\"><\/div><\/div>\n<\/div>\n<\/div>\n","protected":false},"excerpt":{"rendered":"<p>Nuestras especialidades est\u00e1n orientadas al diagn\u00f3stico y tratamiento de la patolog\u00eda de la laringe, la v\u00eda a\u00e9rea y de los pulmones y a las relacionadas afecciones cl\u00ednicas endocrinol\u00f3gicas y metab\u00f3licas. El diagn\u00f3stico correcto es fundamental para lograr determinar conductas adecuadas, terap\u00e9uticas y de h\u00e1bitos y la experiencia junto al avance tecnol\u00f3gico, aumentan el r\u00e9dito de las pr\u00e1cticas. A tal fin, tambi\u00e9n contamos con equipamiento actualizado&hellip; <\/p>\n","protected":false},"author":1,"featured_media":0,"parent":2,"menu_order":0,"comment_status":"closed","ping_status":"closed","template":"","meta":{"nf_dc_page":"","om_disable_all_campaigns":false,"_monsterinsights_skip_tracking":false,"_monsterinsights_sitenote_active":false,"_monsterinsights_sitenote_note":"","_monsterinsights_sitenote_category":0,"footnotes":""},"class_list":["post-10","page","type-page","status-publish","hentry","clearfix"],"jetpack_sharing_enabled":true,"_links":{"self":[{"href":"https:\/\/aireyvoz.com\/index.php\/wp-json\/wp\/v2\/pages\/10","targetHints":{"allow":["GET"]}}],"collection":[{"href":"https:\/\/aireyvoz.com\/index.php\/wp-json\/wp\/v2\/pages"}],"about":[{"href":"https:\/\/aireyvoz.com\/index.php\/wp-json\/wp\/v2\/types\/page"}],"author":[{"embeddable":true,"href":"https:\/\/aireyvoz.com\/index.php\/wp-json\/wp\/v2\/users\/1"}],"replies":[{"embeddable":true,"href":"https:\/\/aireyvoz.com\/index.php\/wp-json\/wp\/v2\/comments?post=10"}],"version-history":[{"count":6,"href":"https:\/\/aireyvoz.com\/index.php\/wp-json\/wp\/v2\/pages\/10\/revisions"}],"predecessor-version":[{"id":168,"href":"https:\/\/aireyvoz.com\/index.php\/wp-json\/wp\/v2\/pages\/10\/revisions\/168"}],"up":[{"embeddable":true,"href":"https:\/\/aireyvoz.com\/index.php\/wp-json\/wp\/v2\/pages\/2"}],"wp:attachment":[{"href":"https:\/\/aireyvoz.com\/index.php\/wp-json\/wp\/v2\/media?parent=10"}],"curies":[{"name":"wp","href":"https:\/\/api.w.org\/{rel}","templated":true}]}}